{"id":5432,"date":"2020-09-03T17:31:15","date_gmt":"2020-09-03T20:31:15","guid":{"rendered":"https:\/\/sanitarios5g.com.ar\/?post_type=product&#038;p=5432"},"modified":"2024-09-24T15:06:46","modified_gmt":"2024-09-24T18:06:46","slug":"senorial-dual-gas-y-electrico-30-lts","status":"publish","type":"product","link":"https:\/\/sanitarios5g.com.ar\/index.php\/producto\/senorial-dual-gas-y-electrico-30-lts\/","title":{"rendered":"SE\u00d1ORIAL DUAL GAS Y ELECTRICO 30 LTS &#8211;"},"content":{"rendered":"<h5 class=\"et_pb_toggle_title\">Especificaciones<\/h5>\n<div class=\"et_pb_toggle_content clearfix\"><img loading=\"lazy\" decoding=\"async\" class=\"wp-image-6116 alignnone size-medium lazy loaded\" src=\"https:\/\/senorial.com.ar\/wp-content\/uploads\/2022\/04\/ducha.svg\" alt=\"\" width=\"12\" height=\"17\" data-src=\"https:\/\/senorial.com.ar\/wp-content\/uploads\/2022\/04\/ducha.svg\" data-was-processed=\"true\" \/>\u00a0 \u00a0<b>\u00a0Presi\u00f3n m\u00e1xima de agua<\/b><br \/>\n0,6MPa<\/p>\n<p><img loading=\"lazy\" decoding=\"async\" class=\"wp-image-6117 alignnone size-medium lazy loaded\" src=\"https:\/\/senorial.com.ar\/wp-content\/uploads\/2022\/04\/fueguiti.svg\" alt=\"\" width=\"12\" height=\"18\" data-src=\"https:\/\/senorial.com.ar\/wp-content\/uploads\/2022\/04\/fueguiti.svg\" data-was-processed=\"true\" \/>\u00a0\u00a0 \u00a0<b>\u00a0Gas Natural<\/b><br \/>\nCONSUMO:\u00a04800 Kcal\/h<br \/>\nRECUPERACI\u00d3N:\u00a0176 L\/h<\/p>\n<p><img loading=\"lazy\" decoding=\"async\" class=\"wp-image-6117 alignnone size-medium lazy loaded\" src=\"https:\/\/senorial.com.ar\/wp-content\/uploads\/2022\/04\/fueguiti.svg\" alt=\"\" width=\"12\" height=\"18\" data-src=\"https:\/\/senorial.com.ar\/wp-content\/uploads\/2022\/04\/fueguiti.svg\" data-was-processed=\"true\" \/>\u00a0\u00a0 \u00a0<b>\u00a0Gas Licuado<\/b><br \/>\nCONSUMO:\u00a04500 Kcal\/h<br \/>\nRECUPERACI\u00d3N:\u00a0163 L\/h<\/p>\n<p><img loading=\"lazy\" decoding=\"async\" class=\"alinearcen lazy loaded\" src=\"https:\/\/senorial.com.ar\/wp-content\/uploads\/2022\/04\/electrico.svg\" alt=\"\" width=\"25\" height=\"25\" data-src=\"https:\/\/senorial.com.ar\/wp-content\/uploads\/2022\/04\/electrico.svg\" data-was-processed=\"true\" \/>\u00a0\u00a0 \u00a0<b>El\u00e9ctrico<\/b><br \/>\nPOTENCIA:\u00a01500 W<\/p>\n<p>Capacidad:\u00a029\/28 Litros.<\/p><\/div>\n","protected":false},"excerpt":{"rendered":"<p>Funciona a gas o de forma el\u00e9ctrica.<br \/>\nQuemador de acero y piloto analizador.<br \/>\nMultigas: Kit para instalaci\u00f3n de gas natural o envasado.<br \/>\nTriple barrera anti-fuga. V\u00e1lvula de seguridad por sobrepresi\u00f3n, unidad magn\u00e9tica y termocupla.<br \/>\nProducto certificado por LENOR.<\/p>\n","protected":false},"featured_media":5415,"template":"","meta":[],"product_brand":[],"product_cat":[92],"product_tag":[],"class_list":{"0":"post-5432","1":"product","2":"type-product","3":"status-publish","4":"has-post-thumbnail","6":"product_cat-senorial-dual","7":"product_shipping_class-standar","9":"first","10":"outofstock","11":"taxable","12":"shipping-taxable","13":"purchasable","14":"product-type-simple"},"jetpack_sharing_enabled":true,"_links":{"self":[{"href":"https:\/\/sanitarios5g.com.ar\/index.php\/wp-json\/wp\/v2\/product\/5432","targetHints":{"allow":["GET"]}}],"collection":[{"href":"https:\/\/sanitarios5g.com.ar\/index.php\/wp-json\/wp\/v2\/product"}],"about":[{"href":"https:\/\/sanitarios5g.com.ar\/index.php\/wp-json\/wp\/v2\/types\/product"}],"wp:featuredmedia":[{"embeddable":true,"href":"https:\/\/sanitarios5g.com.ar\/index.php\/wp-json\/wp\/v2\/media\/5415"}],"wp:attachment":[{"href":"https:\/\/sanitarios5g.com.ar\/index.php\/wp-json\/wp\/v2\/media?parent=5432"}],"wp:term":[{"taxonomy":"product_brand","embeddable":true,"href":"https:\/\/sanitarios5g.com.ar\/index.php\/wp-json\/wp\/v2\/product_brand?post=5432"},{"taxonomy":"product_cat","embeddable":true,"href":"https:\/\/sanitarios5g.com.ar\/index.php\/wp-json\/wp\/v2\/product_cat?post=5432"},{"taxonomy":"product_tag","embeddable":true,"href":"https:\/\/sanitarios5g.com.ar\/index.php\/wp-json\/wp\/v2\/product_tag?post=5432"}],"curies":[{"name":"wp","href":"https:\/\/api.w.org\/{rel}","templated":true}]}}