{"id":1700,"date":"2020-04-30T00:47:42","date_gmt":"2020-04-30T03:47:42","guid":{"rendered":"http:\/\/sanitarios5g.com.ar\/index.php\/producto\/import-placeholder-for-51023854\/"},"modified":"2024-09-24T15:41:54","modified_gmt":"2024-09-24T18:41:54","slug":"pr-termofusora-1500-w-con-accesorios-tk04","status":"publish","type":"product","link":"https:\/\/sanitarios5g.com.ar\/index.php\/producto\/pr-termofusora-1500-w-con-accesorios-tk04\/","title":{"rendered":"PR TERMOFUSORA 1500 W. CON ACCESORIOS TK04"},"content":{"rendered":"<p>-Potencia 1500 W<br \/>\n-Cantidad de boquillas 6 unidades<br \/>\n-Medidas \u00f8 20\/25\/32\/40\/50\/63 mm<br \/>\n-Alimentaci\u00f3n 220 V \/ 50Hz.<br \/>\n-Cuerpo Metalico<br \/>\n-Mango recubierto PVC<br \/>\n-Temperatura Variable 0\u00ba a 300\u00ba C<br \/>\n-Encendido Doble<br \/>\n-Luz testigo de temperatura<br \/>\n-Incluye Malet\u00edn Met\u00e1lico, Soporte, Nivel con im\u00e1n, Cinta m\u00e9trica y Tijera Corta tubo PVC<\/p>\n","protected":false},"excerpt":{"rendered":"<p>COD51023854 C.Barr: 643131464411<\/p>\n","protected":false},"featured_media":5573,"template":"","meta":[],"product_brand":[],"product_cat":[361],"product_tag":[],"class_list":{"0":"post-1700","1":"product","2":"type-product","3":"status-publish","4":"has-post-thumbnail","6":"product_cat-termofusoras","8":"first","9":"instock","10":"taxable","11":"shipping-taxable","12":"purchasable","13":"product-type-simple"},"jetpack_sharing_enabled":true,"_links":{"self":[{"href":"https:\/\/sanitarios5g.com.ar\/index.php\/wp-json\/wp\/v2\/product\/1700","targetHints":{"allow":["GET"]}}],"collection":[{"href":"https:\/\/sanitarios5g.com.ar\/index.php\/wp-json\/wp\/v2\/product"}],"about":[{"href":"https:\/\/sanitarios5g.com.ar\/index.php\/wp-json\/wp\/v2\/types\/product"}],"wp:featuredmedia":[{"embeddable":true,"href":"https:\/\/sanitarios5g.com.ar\/index.php\/wp-json\/wp\/v2\/media\/5573"}],"wp:attachment":[{"href":"https:\/\/sanitarios5g.com.ar\/index.php\/wp-json\/wp\/v2\/media?parent=1700"}],"wp:term":[{"taxonomy":"product_brand","embeddable":true,"href":"https:\/\/sanitarios5g.com.ar\/index.php\/wp-json\/wp\/v2\/product_brand?post=1700"},{"taxonomy":"product_cat","embeddable":true,"href":"https:\/\/sanitarios5g.com.ar\/index.php\/wp-json\/wp\/v2\/product_cat?post=1700"},{"taxonomy":"product_tag","embeddable":true,"href":"https:\/\/sanitarios5g.com.ar\/index.php\/wp-json\/wp\/v2\/product_tag?post=1700"}],"curies":[{"name":"wp","href":"https:\/\/api.w.org\/{rel}","templated":true}]}}