{"id":1561,"date":"2020-04-30T00:47:13","date_gmt":"2020-04-30T03:47:13","guid":{"rendered":"http:\/\/sanitarios5g.com.ar\/index.php\/producto\/import-placeholder-for-40010382\/"},"modified":"2024-09-24T15:06:28","modified_gmt":"2024-09-24T18:06:28","slug":"00053-bomba-de-prueba-hidraulica-ips","status":"publish","type":"product","link":"https:\/\/sanitarios5g.com.ar\/index.php\/producto\/00053-bomba-de-prueba-hidraulica-ips\/","title":{"rendered":"00053 BOMBA DE PRUEBA HIDRAULICA IPS"},"content":{"rendered":"<p>El dise\u00f1o de la bomba cuenta con una serie de caracter\u00edsticas \u00fanicas que la diferencia de otras bombas de comprobaci\u00f3n:<br \/>\n&#8211; Sistema de v\u00e1lvula doble, de cierre y purga, que facilitan el ajuste de la presi\u00f3n de testado.<br \/>\n&#8211; Sistema combinado de v\u00e1lvula con cabeza esf\u00e9rica y cierre de aluminio monoblock que minimiza el riesgo de fugas en el sistema.<br \/>\n&#8211; \u00c9mbolo de poliamida sin distorsi\u00f3n resistente al desgaste<br \/>\n&#8211; Tanque de acero galvanizado resistente a los golpes con recubrimiento de pintura epoxy Duramant \u00ae para garantizar su resistencia a la corrosi\u00f3n.<br \/>\n&#8211; Man\u00f3metros con certificado de calibraci\u00f3n a su disposici\u00f3n.<\/p>\n","protected":false},"excerpt":{"rendered":"<p>00053 BOMBA DE PRUEBA HIDRAULICA IPS COD40010382 C.Barr: 7798079330496<\/p>\n<p>Dimensiones: 720 x 170 x 260 mm<br \/>\nPeso: 8 kg<br \/>\nVolumen del dep\u00f3sito; 12 ltrs.<br \/>\nVolumen del pist\u00f3n: 45 ml<br \/>\nConexi\u00f3n de salida: R 1\/2\u201d<br \/>\nFluido comprobaci\u00f3n: Agua, aceite<br \/>\nTemperat\u00fara m\u00e1xima: 50\u00ba C-120\u00baF<br \/>\nPresi\u00f3n m\u00e1xima: 50 bar.<\/p>\n","protected":false},"featured_media":4125,"template":"","meta":[],"product_brand":[],"product_cat":[42,360],"product_tag":[],"class_list":{"0":"post-1561","1":"product","2":"type-product","3":"status-publish","4":"has-post-thumbnail","6":"product_cat-ips-herramientas","7":"product_cat-maquinas","9":"first","10":"onbackorder","11":"taxable","12":"shipping-taxable","13":"purchasable","14":"product-type-simple"},"jetpack_sharing_enabled":true,"_links":{"self":[{"href":"https:\/\/sanitarios5g.com.ar\/index.php\/wp-json\/wp\/v2\/product\/1561","targetHints":{"allow":["GET"]}}],"collection":[{"href":"https:\/\/sanitarios5g.com.ar\/index.php\/wp-json\/wp\/v2\/product"}],"about":[{"href":"https:\/\/sanitarios5g.com.ar\/index.php\/wp-json\/wp\/v2\/types\/product"}],"wp:featuredmedia":[{"embeddable":true,"href":"https:\/\/sanitarios5g.com.ar\/index.php\/wp-json\/wp\/v2\/media\/4125"}],"wp:attachment":[{"href":"https:\/\/sanitarios5g.com.ar\/index.php\/wp-json\/wp\/v2\/media?parent=1561"}],"wp:term":[{"taxonomy":"product_brand","embeddable":true,"href":"https:\/\/sanitarios5g.com.ar\/index.php\/wp-json\/wp\/v2\/product_brand?post=1561"},{"taxonomy":"product_cat","embeddable":true,"href":"https:\/\/sanitarios5g.com.ar\/index.php\/wp-json\/wp\/v2\/product_cat?post=1561"},{"taxonomy":"product_tag","embeddable":true,"href":"https:\/\/sanitarios5g.com.ar\/index.php\/wp-json\/wp\/v2\/product_tag?post=1561"}],"curies":[{"name":"wp","href":"https:\/\/api.w.org\/{rel}","templated":true}]}}