{"id":14855,"date":"2025-01-24T10:13:17","date_gmt":"2025-01-24T13:13:17","guid":{"rendered":"https:\/\/sanitarios5g.com.ar\/?post_type=product&#038;p=14855"},"modified":"2025-01-24T10:13:17","modified_gmt":"2025-01-24T13:13:17","slug":"ds-bomba-periferica-qb-60-pluvius","status":"publish","type":"product","link":"https:\/\/sanitarios5g.com.ar\/index.php\/producto\/ds-bomba-periferica-qb-60-pluvius\/","title":{"rendered":"DS BOMBA PERIFERICA QB-60 [PLUVIUS]"},"content":{"rendered":"","protected":false},"excerpt":{"rendered":"<p>Las bombas perif\u00e9ricas QB Pluvius son ideales para aumentar la presi\u00f3n dentro de instalaciones sanitarias y elevar el agua a tanques de reserva a baja altura. Adem\u00e1s cuentan con una excelente relaci\u00f3n potencia consumida-potencia entregada. Pueden trabajar junto con controladores como el CAF o el SKF, lo que les permite ser utilizadas para presurizar instalaciones sanitarias seg\u00fan su necesidad.<\/p>\n","protected":false},"featured_media":14842,"template":"","meta":[],"product_brand":[],"product_cat":[236],"product_tag":[],"class_list":{"0":"post-14855","1":"product","2":"type-product","3":"status-publish","4":"has-post-thumbnail","6":"product_cat-pluvius","8":"first","9":"instock","10":"taxable","11":"shipping-taxable","12":"product-type-simple"},"jetpack_sharing_enabled":true,"_links":{"self":[{"href":"https:\/\/sanitarios5g.com.ar\/index.php\/wp-json\/wp\/v2\/product\/14855","targetHints":{"allow":["GET"]}}],"collection":[{"href":"https:\/\/sanitarios5g.com.ar\/index.php\/wp-json\/wp\/v2\/product"}],"about":[{"href":"https:\/\/sanitarios5g.com.ar\/index.php\/wp-json\/wp\/v2\/types\/product"}],"wp:featuredmedia":[{"embeddable":true,"href":"https:\/\/sanitarios5g.com.ar\/index.php\/wp-json\/wp\/v2\/media\/14842"}],"wp:attachment":[{"href":"https:\/\/sanitarios5g.com.ar\/index.php\/wp-json\/wp\/v2\/media?parent=14855"}],"wp:term":[{"taxonomy":"product_brand","embeddable":true,"href":"https:\/\/sanitarios5g.com.ar\/index.php\/wp-json\/wp\/v2\/product_brand?post=14855"},{"taxonomy":"product_cat","embeddable":true,"href":"https:\/\/sanitarios5g.com.ar\/index.php\/wp-json\/wp\/v2\/product_cat?post=14855"},{"taxonomy":"product_tag","embeddable":true,"href":"https:\/\/sanitarios5g.com.ar\/index.php\/wp-json\/wp\/v2\/product_tag?post=14855"}],"curies":[{"name":"wp","href":"https:\/\/api.w.org\/{rel}","templated":true}]}}