{"id":1326,"date":"2020-04-30T00:46:13","date_gmt":"2020-04-30T03:46:13","guid":{"rendered":"http:\/\/sanitarios5g.com.ar\/index.php\/producto\/import-placeholder-for-40000906\/"},"modified":"2024-09-24T15:05:03","modified_gmt":"2024-09-24T18:05:03","slug":"01915-fvem-vlv-esfrica-manija-50mm","status":"publish","type":"product","link":"https:\/\/sanitarios5g.com.ar\/index.php\/producto\/01915-fvem-vlv-esfrica-manija-50mm\/","title":{"rendered":"01915 FVEM V\u00c1LV.ESF\u00c9RICA MANIJA 50MM"},"content":{"rendered":"","protected":false},"excerpt":{"rendered":"<p>01915 FVEM V\u00c1LV.ESF\u00c9RICA MANIJA 50MM  COD40000906<\/p>\n","protected":false},"featured_media":4207,"template":"","meta":[],"product_brand":[],"product_cat":[20],"product_tag":[],"class_list":{"0":"post-1326","1":"product","2":"type-product","3":"status-publish","4":"has-post-thumbnail","6":"product_cat-ips-fusion","8":"first","9":"instock","10":"taxable","11":"shipping-taxable","12":"purchasable","13":"product-type-simple"},"jetpack_sharing_enabled":true,"_links":{"self":[{"href":"https:\/\/sanitarios5g.com.ar\/index.php\/wp-json\/wp\/v2\/product\/1326","targetHints":{"allow":["GET"]}}],"collection":[{"href":"https:\/\/sanitarios5g.com.ar\/index.php\/wp-json\/wp\/v2\/product"}],"about":[{"href":"https:\/\/sanitarios5g.com.ar\/index.php\/wp-json\/wp\/v2\/types\/product"}],"wp:featuredmedia":[{"embeddable":true,"href":"https:\/\/sanitarios5g.com.ar\/index.php\/wp-json\/wp\/v2\/media\/4207"}],"wp:attachment":[{"href":"https:\/\/sanitarios5g.com.ar\/index.php\/wp-json\/wp\/v2\/media?parent=1326"}],"wp:term":[{"taxonomy":"product_brand","embeddable":true,"href":"https:\/\/sanitarios5g.com.ar\/index.php\/wp-json\/wp\/v2\/product_brand?post=1326"},{"taxonomy":"product_cat","embeddable":true,"href":"https:\/\/sanitarios5g.com.ar\/index.php\/wp-json\/wp\/v2\/product_cat?post=1326"},{"taxonomy":"product_tag","embeddable":true,"href":"https:\/\/sanitarios5g.com.ar\/index.php\/wp-json\/wp\/v2\/product_tag?post=1326"}],"curies":[{"name":"wp","href":"https:\/\/api.w.org\/{rel}","templated":true}]}}