{"id":13137,"date":"2023-11-04T09:30:26","date_gmt":"2023-11-04T12:30:26","guid":{"rendered":"https:\/\/sanitarios5g.com.ar\/?post_type=product&#038;p=13137"},"modified":"2023-11-04T11:38:47","modified_gmt":"2023-11-04T14:38:47","slug":"banera-con-patas","status":"publish","type":"product","link":"https:\/\/sanitarios5g.com.ar\/index.php\/producto\/banera-con-patas\/","title":{"rendered":"BA\u00d1ERA CON PATAS"},"content":{"rendered":"<table width=\"345\">\n<tbody>\n<tr>\n<td width=\"80\">HE 1575<\/td>\n<td width=\"265\">BA\u00d1ERA CON PATAS CROMO 150X75<\/td>\n<\/tr>\n<tr>\n<td>HE 1775<\/td>\n<td>BA\u00d1ERA CON PATAS CROMO 170X75<\/td>\n<\/tr>\n<\/tbody>\n<\/table>\n<table width=\"345\">\n<tbody>\n<tr>\n<td width=\"80\">3000450<\/td>\n<td width=\"265\">BA\u00d1ERA CON PATAS CROMO 185&#215;82<\/td>\n<\/tr>\n<\/tbody>\n<\/table>\n<table width=\"345\">\n<tbody>\n<tr>\n<td width=\"80\">PHONE<\/td>\n<td width=\"265\">GRIFERIA P\/BA\u00d1ERA C\/PATAS SUELTA<\/td>\n<\/tr>\n<\/tbody>\n<\/table>\n","protected":false},"excerpt":{"rendered":"<p>HE 1575 BA\u00d1ERA CON PATAS CROMO 150X75 HE 1775 BA\u00d1ERA CON PATAS CROMO 170X75 3000450 BA\u00d1ERA CON PATAS CROMO 185&#215;82 PHONE GRIFERIA P\/BA\u00d1ERA C\/PATAS SUELTA<\/p>\n","protected":false},"featured_media":13139,"template":"","meta":[],"product_brand":[],"product_cat":[403],"product_tag":[],"class_list":{"0":"post-13137","1":"product","2":"type-product","3":"status-publish","4":"has-post-thumbnail","6":"product_cat-banera-con-patas","8":"first","9":"instock","10":"taxable","11":"shipping-taxable","12":"product-type-simple"},"jetpack_sharing_enabled":true,"_links":{"self":[{"href":"https:\/\/sanitarios5g.com.ar\/index.php\/wp-json\/wp\/v2\/product\/13137","targetHints":{"allow":["GET"]}}],"collection":[{"href":"https:\/\/sanitarios5g.com.ar\/index.php\/wp-json\/wp\/v2\/product"}],"about":[{"href":"https:\/\/sanitarios5g.com.ar\/index.php\/wp-json\/wp\/v2\/types\/product"}],"wp:featuredmedia":[{"embeddable":true,"href":"https:\/\/sanitarios5g.com.ar\/index.php\/wp-json\/wp\/v2\/media\/13139"}],"wp:attachment":[{"href":"https:\/\/sanitarios5g.com.ar\/index.php\/wp-json\/wp\/v2\/media?parent=13137"}],"wp:term":[{"taxonomy":"product_brand","embeddable":true,"href":"https:\/\/sanitarios5g.com.ar\/index.php\/wp-json\/wp\/v2\/product_brand?post=13137"},{"taxonomy":"product_cat","embeddable":true,"href":"https:\/\/sanitarios5g.com.ar\/index.php\/wp-json\/wp\/v2\/product_cat?post=13137"},{"taxonomy":"product_tag","embeddable":true,"href":"https:\/\/sanitarios5g.com.ar\/index.php\/wp-json\/wp\/v2\/product_tag?post=13137"}],"curies":[{"name":"wp","href":"https:\/\/api.w.org\/{rel}","templated":true}]}}