{"id":12819,"date":"2023-10-19T09:37:04","date_gmt":"2023-10-19T12:37:04","guid":{"rendered":"https:\/\/sanitarios5g.com.ar\/?post_type=product&#038;p=12819"},"modified":"2023-10-30T10:14:35","modified_gmt":"2023-10-30T13:14:35","slug":"mueble-colgante-manhattam","status":"publish","type":"product","link":"https:\/\/sanitarios5g.com.ar\/index.php\/producto\/mueble-colgante-manhattam\/","title":{"rendered":"MUEBLE COLGANTE MANHATTAM"},"content":{"rendered":"<table width=\"489\">\n<tbody>\n<tr>\n<td width=\"80\">99993614<\/td>\n<td width=\"409\">MUEBLE COLGANTE MANHATTAM 50 BLANCO UN CAJ\u00d3N<\/td>\n<\/tr>\n<tr>\n<td>99993616<\/td>\n<td>MUEBLE COLGANTE MANHATTAM 50 BLANCO DOS CAJONES<\/td>\n<\/tr>\n<tr>\n<td>99993618<\/td>\n<td>MUEBLE COLGANTE MANHATTAM 50 COMBINADO UN CAJ\u00d3N<\/td>\n<\/tr>\n<tr>\n<td>99993620<\/td>\n<td>MUEBLE COLGANTE MANHATTAM 50 COMBINADO DOS CAJONES<\/td>\n<\/tr>\n<tr>\n<td>99993622<\/td>\n<td>MUEBLE COLGANTE MANHATTAM 60 BLANCO UN CAJ\u00d3N<\/td>\n<\/tr>\n<tr>\n<td>99993624<\/td>\n<td>MUEBLE COLGANTE MANHATTAM 60 BLANCO DOS CAJONES<\/td>\n<\/tr>\n<tr>\n<td>99993626<\/td>\n<td>MUEBLE COLGANTE MANHATTAM 60 COMBINADO UN CAJ\u00d3N<\/td>\n<\/tr>\n<tr>\n<td>99993628<\/td>\n<td>MUEBLE COLGANTE MANHATTAM 60 COMBINADO DOS CAJONES<\/td>\n<\/tr>\n<tr>\n<td>99993630<\/td>\n<td>MUEBLE COLGANTE TOLVA MANHATTAN BLANCA<\/td>\n<\/tr>\n<tr>\n<td>99993632<\/td>\n<td>MUEBLE COLGANTE TOLVA MANHATTAN COMBINADO<\/td>\n<\/tr>\n<\/tbody>\n<\/table>\n","protected":false},"excerpt":{"rendered":"<p>99993614 MUEBLE COLGANTE MANHATTAM 50 BLANCO UN CAJ\u00d3N 99993616 MUEBLE COLGANTE MANHATTAM 50 BLANCO DOS CAJONES 99993618 MUEBLE COLGANTE MANHATTAM 50 COMBINADO UN CAJ\u00d3N 99993620 MUEBLE COLGANTE MANHATTAM 50 COMBINADO DOS CAJONES 99993622 MUEBLE COLGANTE MANHATTAM 60 BLANCO UN CAJ\u00d3N 99993624 MUEBLE COLGANTE MANHATTAM 60 BLANCO DOS CAJONES 99993626 MUEBLE COLGANTE MANHATTAM 60 COMBINADO UN [&hellip;]<\/p>\n","protected":false},"featured_media":12821,"template":"","meta":[],"product_brand":[],"product_cat":[363],"product_tag":[],"class_list":{"0":"post-12819","1":"product","2":"type-product","3":"status-publish","4":"has-post-thumbnail","6":"product_cat-muebles-premium","8":"first","9":"instock","10":"taxable","11":"shipping-taxable","12":"product-type-simple"},"jetpack_sharing_enabled":true,"_links":{"self":[{"href":"https:\/\/sanitarios5g.com.ar\/index.php\/wp-json\/wp\/v2\/product\/12819","targetHints":{"allow":["GET"]}}],"collection":[{"href":"https:\/\/sanitarios5g.com.ar\/index.php\/wp-json\/wp\/v2\/product"}],"about":[{"href":"https:\/\/sanitarios5g.com.ar\/index.php\/wp-json\/wp\/v2\/types\/product"}],"wp:featuredmedia":[{"embeddable":true,"href":"https:\/\/sanitarios5g.com.ar\/index.php\/wp-json\/wp\/v2\/media\/12821"}],"wp:attachment":[{"href":"https:\/\/sanitarios5g.com.ar\/index.php\/wp-json\/wp\/v2\/media?parent=12819"}],"wp:term":[{"taxonomy":"product_brand","embeddable":true,"href":"https:\/\/sanitarios5g.com.ar\/index.php\/wp-json\/wp\/v2\/product_brand?post=12819"},{"taxonomy":"product_cat","embeddable":true,"href":"https:\/\/sanitarios5g.com.ar\/index.php\/wp-json\/wp\/v2\/product_cat?post=12819"},{"taxonomy":"product_tag","embeddable":true,"href":"https:\/\/sanitarios5g.com.ar\/index.php\/wp-json\/wp\/v2\/product_tag?post=12819"}],"curies":[{"name":"wp","href":"https:\/\/api.w.org\/{rel}","templated":true}]}}