{"id":12640,"date":"2023-09-20T11:13:16","date_gmt":"2023-09-20T14:13:16","guid":{"rendered":"https:\/\/sanitarios5g.com.ar\/?post_type=product&#038;p=12640"},"modified":"2023-10-30T10:02:52","modified_gmt":"2023-10-30T13:02:52","slug":"sumerg-micra-215-0-75-p-pozo-3-c-25-m-c","status":"publish","type":"product","link":"https:\/\/sanitarios5g.com.ar\/index.php\/producto\/sumerg-micra-215-0-75-p-pozo-3-c-25-m-c\/","title":{"rendered":"SUMERG MICRA 215 0.75 P\/POZO 3&#8243; C\/25 M C"},"content":{"rendered":"<p>La l\u00ednea de electrobombas sumergibles &#8220;MICRA&#8221; est\u00e1 dise\u00f1ada para la extracci\u00f3n de agua en pozos profundos de 2&#8243; (di\u00e1metro m\u00e1ximo 53 mm) y 3&#8243; (di\u00e1metro m\u00e1ximo 80 mm). Ideales para riegos en general, elevaci\u00f3n a tanques elevados y cisterna, llenado de piscinas y bebederos, en el \u00e1mbito dom\u00e9stico, civil, industrial y agropecuario.<\/p>\n","protected":false},"excerpt":{"rendered":"<p>\u2022 Bridas de aspiraci\u00f3n y descarga en bronce \/ acero inoxidable<br \/>\n\u2022 Impulsores y difusores de NORYL \u00ae con carga de fibra de vidrio.<br \/>\n\u2022 Carcaza de acero inoxidable<br \/>\n\u2022 Motor el\u00e9ctrico sumergible REBOBINABLE y REPARABLE<br \/>\n\u2022 Incluye tablero de arranque con protecciones incorporadas<br \/>\n\u2022 Aislaci\u00f3n clase F \u2013 IP 68<br \/>\n\u2022 Cumplen con las normas de seguridad el\u00e9ctrica internacionales IEC<\/p>\n","protected":false},"featured_media":12632,"template":"","meta":[],"product_brand":[],"product_cat":[366],"product_tag":[],"class_list":{"0":"post-12640","1":"product","2":"type-product","3":"status-publish","4":"has-post-thumbnail","6":"product_cat-motorarg-pozo","8":"first","9":"instock","10":"taxable","11":"shipping-taxable","12":"product-type-simple"},"jetpack_sharing_enabled":true,"_links":{"self":[{"href":"https:\/\/sanitarios5g.com.ar\/index.php\/wp-json\/wp\/v2\/product\/12640","targetHints":{"allow":["GET"]}}],"collection":[{"href":"https:\/\/sanitarios5g.com.ar\/index.php\/wp-json\/wp\/v2\/product"}],"about":[{"href":"https:\/\/sanitarios5g.com.ar\/index.php\/wp-json\/wp\/v2\/types\/product"}],"wp:featuredmedia":[{"embeddable":true,"href":"https:\/\/sanitarios5g.com.ar\/index.php\/wp-json\/wp\/v2\/media\/12632"}],"wp:attachment":[{"href":"https:\/\/sanitarios5g.com.ar\/index.php\/wp-json\/wp\/v2\/media?parent=12640"}],"wp:term":[{"taxonomy":"product_brand","embeddable":true,"href":"https:\/\/sanitarios5g.com.ar\/index.php\/wp-json\/wp\/v2\/product_brand?post=12640"},{"taxonomy":"product_cat","embeddable":true,"href":"https:\/\/sanitarios5g.com.ar\/index.php\/wp-json\/wp\/v2\/product_cat?post=12640"},{"taxonomy":"product_tag","embeddable":true,"href":"https:\/\/sanitarios5g.com.ar\/index.php\/wp-json\/wp\/v2\/product_tag?post=12640"}],"curies":[{"name":"wp","href":"https:\/\/api.w.org\/{rel}","templated":true}]}}