{"id":12346,"date":"2023-08-04T11:57:50","date_gmt":"2023-08-04T14:57:50","guid":{"rendered":"https:\/\/sanitarios5g.com.ar\/index.php\/producto\/duke-sopapa-plastica-codo-con-rejilla-plastica-salida-o-40-15000105lp\/"},"modified":"2024-09-24T14:38:19","modified_gmt":"2024-09-24T17:38:19","slug":"duke-sopapa-plastica-codo-con-rejilla-plastica-salida-o-40-15000105lp","status":"publish","type":"product","link":"https:\/\/sanitarios5g.com.ar\/index.php\/producto\/duke-sopapa-plastica-codo-con-rejilla-plastica-salida-o-40-15000105lp\/","title":{"rendered":"DUKE SOPAPA PL\u00c1STICA CODO CON REJILLA PL\u00c1STICA SALIDA \u00d8 40 &#8211; 15000105LP"},"content":{"rendered":"","protected":false},"excerpt":{"rendered":"<p>COD19800242<\/p>\n","protected":false},"featured_media":0,"template":"","meta":[],"product_brand":[],"product_cat":[78],"product_tag":[],"class_list":{"0":"post-12346","1":"product","2":"type-product","3":"status-publish","5":"product_cat-banos","7":"first","8":"onbackorder","9":"taxable","10":"shipping-taxable","11":"purchasable","12":"product-type-simple"},"jetpack_sharing_enabled":true,"_links":{"self":[{"href":"https:\/\/sanitarios5g.com.ar\/index.php\/wp-json\/wp\/v2\/product\/12346","targetHints":{"allow":["GET"]}}],"collection":[{"href":"https:\/\/sanitarios5g.com.ar\/index.php\/wp-json\/wp\/v2\/product"}],"about":[{"href":"https:\/\/sanitarios5g.com.ar\/index.php\/wp-json\/wp\/v2\/types\/product"}],"wp:attachment":[{"href":"https:\/\/sanitarios5g.com.ar\/index.php\/wp-json\/wp\/v2\/media?parent=12346"}],"wp:term":[{"taxonomy":"product_brand","embeddable":true,"href":"https:\/\/sanitarios5g.com.ar\/index.php\/wp-json\/wp\/v2\/product_brand?post=12346"},{"taxonomy":"product_cat","embeddable":true,"href":"https:\/\/sanitarios5g.com.ar\/index.php\/wp-json\/wp\/v2\/product_cat?post=12346"},{"taxonomy":"product_tag","embeddable":true,"href":"https:\/\/sanitarios5g.com.ar\/index.php\/wp-json\/wp\/v2\/product_tag?post=12346"}],"curies":[{"name":"wp","href":"https:\/\/api.w.org\/{rel}","templated":true}]}}