{"id":12292,"date":"2023-07-25T16:19:15","date_gmt":"2023-07-25T19:19:15","guid":{"rendered":"https:\/\/sanitarios5g.com.ar\/?post_type=product&#038;p=12292"},"modified":"2024-09-24T15:06:43","modified_gmt":"2024-09-24T18:06:43","slug":"senorial-family-gris-plata-multigas-alta-recup-30-lts","status":"publish","type":"product","link":"https:\/\/sanitarios5g.com.ar\/index.php\/producto\/senorial-family-gris-plata-multigas-alta-recup-30-lts\/","title":{"rendered":"SE\u00d1ORIAL FAMILY [GRIS PLATA] MULTIGAS ALTA RECUP 30 LTS &#8211;"},"content":{"rendered":"<h5 class=\"et_pb_toggle_title\">Especificaciones<\/h5>\n<div class=\"et_pb_toggle_content clearfix\"><img loading=\"lazy\" decoding=\"async\" class=\"wp-image-6116 alignnone size-medium lazy loaded\" src=\"https:\/\/senorial.com.ar\/wp-content\/uploads\/2022\/04\/ducha.svg\" alt=\"\" width=\"12\" height=\"17\" data-src=\"https:\/\/senorial.com.ar\/wp-content\/uploads\/2022\/04\/ducha.svg\" data-was-processed=\"true\" \/>\u00a0 \u00a0<b>\u00a0Presi\u00f3n m\u00e1xima de agua<\/b><br \/>\n0.44 Mpa<\/div>\n<div><\/div>\n<div class=\"et_pb_toggle_content clearfix\"><img loading=\"lazy\" decoding=\"async\" class=\"wp-image-6117 alignnone size-medium lazy loaded\" src=\"https:\/\/senorial.com.ar\/wp-content\/uploads\/2022\/04\/fueguiti.svg\" alt=\"\" width=\"12\" height=\"18\" data-src=\"https:\/\/senorial.com.ar\/wp-content\/uploads\/2022\/04\/fueguiti.svg\" data-was-processed=\"true\" \/><b>\u00a0 \u00a0 Gas Natural<\/b><br \/>\nCONSUMO:\u00a04800 Kcal\/h<br \/>\nRECUPERACI\u00d3N:\u00a0176 L\/h<\/div>\n<div class=\"et_pb_toggle_content clearfix\">\n<p><img loading=\"lazy\" decoding=\"async\" class=\"wp-image-6117 alignnone size-medium lazy loaded\" src=\"https:\/\/senorial.com.ar\/wp-content\/uploads\/2022\/04\/fueguiti.svg\" alt=\"\" width=\"12\" height=\"18\" data-src=\"https:\/\/senorial.com.ar\/wp-content\/uploads\/2022\/04\/fueguiti.svg\" data-was-processed=\"true\" \/>\u00a0\u00a0 \u00a0<b>\u00a0Gas Licuado<\/b><br \/>\nCONSUMO:\u00a04500 Kcal\/h<br \/>\nRECUPERACI\u00d3N:\u00a0163 L\/h<\/p>\n<p>Capacidad:\u00a029 Litros.<\/p>\n<\/div>\n","protected":false},"excerpt":{"rendered":"<p>Bajo consumo. Piloto analizador.<br \/>\nTriple barrera anti-fuga. V\u00e1lvula de seguridad por sobrepresi\u00f3n, unidad magn\u00e9tica y termocupla.<br \/>\nDetector de mon\u00f3xido de carbono.<br \/>\nMultigas: Kit de instalaci\u00f3n de gas natural o envasado.<br \/>\nProducto certificado por LENOR.<\/p>\n","protected":false},"featured_media":12588,"template":"","meta":[],"product_brand":[],"product_cat":[343],"product_tag":[],"class_list":{"0":"post-12292","1":"product","2":"type-product","3":"status-publish","4":"has-post-thumbnail","6":"product_cat-senorial-family","8":"first","9":"outofstock","10":"taxable","11":"shipping-taxable","12":"product-type-simple"},"jetpack_sharing_enabled":true,"_links":{"self":[{"href":"https:\/\/sanitarios5g.com.ar\/index.php\/wp-json\/wp\/v2\/product\/12292","targetHints":{"allow":["GET"]}}],"collection":[{"href":"https:\/\/sanitarios5g.com.ar\/index.php\/wp-json\/wp\/v2\/product"}],"about":[{"href":"https:\/\/sanitarios5g.com.ar\/index.php\/wp-json\/wp\/v2\/types\/product"}],"wp:featuredmedia":[{"embeddable":true,"href":"https:\/\/sanitarios5g.com.ar\/index.php\/wp-json\/wp\/v2\/media\/12588"}],"wp:attachment":[{"href":"https:\/\/sanitarios5g.com.ar\/index.php\/wp-json\/wp\/v2\/media?parent=12292"}],"wp:term":[{"taxonomy":"product_brand","embeddable":true,"href":"https:\/\/sanitarios5g.com.ar\/index.php\/wp-json\/wp\/v2\/product_brand?post=12292"},{"taxonomy":"product_cat","embeddable":true,"href":"https:\/\/sanitarios5g.com.ar\/index.php\/wp-json\/wp\/v2\/product_cat?post=12292"},{"taxonomy":"product_tag","embeddable":true,"href":"https:\/\/sanitarios5g.com.ar\/index.php\/wp-json\/wp\/v2\/product_tag?post=12292"}],"curies":[{"name":"wp","href":"https:\/\/api.w.org\/{rel}","templated":true}]}}