{"id":11932,"date":"2023-05-29T11:29:28","date_gmt":"2023-05-29T14:29:28","guid":{"rendered":"https:\/\/sanitarios5g.com.ar\/index.php\/producto\/sap-900-agua-limpia-hp-1-25-6000l-x-4h\/"},"modified":"2023-10-30T10:04:03","modified_gmt":"2023-10-30T13:04:03","slug":"sap-900-agua-limpia-hp-1-25-6000l-x-4h","status":"publish","type":"product","link":"https:\/\/sanitarios5g.com.ar\/index.php\/producto\/sap-900-agua-limpia-hp-1-25-6000l-x-4h\/","title":{"rendered":"SAP 900 AGUA LIMPIA HP 1.25 [6000L X 4H]"},"content":{"rendered":"<p>La l\u00ednea de electrobombas sumergibles port\u00e1tiles para desagote dom\u00e9stico \u201cSAP\u201d, est\u00e1 dise\u00f1ada para bombear aguas claras o ligeramente sucias con peque\u00f1os s\u00f3lidos en suspensi\u00f3n hasta \u00d8 10 mm<br \/>\nDe f\u00e1cil instalaci\u00f3n se sumergen directamente en el lugar a desagotar.<\/p>\n","protected":false},"excerpt":{"rendered":"<p>\u2022 Cuerpo de bomba en tecnopol\u00edmero<br \/>\n\u2022 Impulsor en tecnopol\u00edmero<br \/>\n\u2022 Eje de acero inoxidable<br \/>\n\u2022 Sello mec\u00e1nico autoajustable de cer\u00e1mica\/grafito<br \/>\n\u2022 Interruptor flotante de nivel incorporado<br \/>\n\u2022 Motor aislaci\u00f3n clase B \u2013 IP 58<br \/>\n\u2022 Cumplen con las normas de seguridad el\u00e9ctrica internacionales IEC<br \/>\n\u2022 Temperatura del fluido hasta + 35\u00baC<br \/>\n\u2022 Sumergencia m\u00e1xima 5 metros<br \/>\n\u2022 Nivel m\u00ednimo de agua 30 mm<\/p>\n","protected":false},"featured_media":12633,"template":"","meta":[],"product_brand":[],"product_cat":[367],"product_tag":[],"class_list":{"0":"post-11932","1":"product","2":"type-product","3":"status-publish","4":"has-post-thumbnail","6":"product_cat-motorarg-sumergible","8":"first","9":"instock","10":"taxable","11":"shipping-taxable","12":"purchasable","13":"product-type-simple"},"jetpack_sharing_enabled":true,"_links":{"self":[{"href":"https:\/\/sanitarios5g.com.ar\/index.php\/wp-json\/wp\/v2\/product\/11932","targetHints":{"allow":["GET"]}}],"collection":[{"href":"https:\/\/sanitarios5g.com.ar\/index.php\/wp-json\/wp\/v2\/product"}],"about":[{"href":"https:\/\/sanitarios5g.com.ar\/index.php\/wp-json\/wp\/v2\/types\/product"}],"wp:featuredmedia":[{"embeddable":true,"href":"https:\/\/sanitarios5g.com.ar\/index.php\/wp-json\/wp\/v2\/media\/12633"}],"wp:attachment":[{"href":"https:\/\/sanitarios5g.com.ar\/index.php\/wp-json\/wp\/v2\/media?parent=11932"}],"wp:term":[{"taxonomy":"product_brand","embeddable":true,"href":"https:\/\/sanitarios5g.com.ar\/index.php\/wp-json\/wp\/v2\/product_brand?post=11932"},{"taxonomy":"product_cat","embeddable":true,"href":"https:\/\/sanitarios5g.com.ar\/index.php\/wp-json\/wp\/v2\/product_cat?post=11932"},{"taxonomy":"product_tag","embeddable":true,"href":"https:\/\/sanitarios5g.com.ar\/index.php\/wp-json\/wp\/v2\/product_tag?post=11932"}],"curies":[{"name":"wp","href":"https:\/\/api.w.org\/{rel}","templated":true}]}}