{"id":5926,"date":"2020-10-02T12:35:00","date_gmt":"2020-10-02T15:35:00","guid":{"rendered":"https:\/\/sanitarios5g.com.ar\/?page_id=5926"},"modified":"2021-07-14T09:14:40","modified_gmt":"2021-07-14T12:14:40","slug":"videos-utiles","status":"publish","type":"page","link":"https:\/\/sanitarios5g.com.ar\/index.php\/videos-utiles\/","title":{"rendered":"INSTALACIONES PASO A PASO!!"},"content":{"rendered":"<!--nextpage--><p>\/\/ pagina 1 &#8211; FV \/\/                                                              \/\/ Pagina 2 &#8211; IPS \/\/                                                                   \/\/ Pagina 3 &#8211; Rotoplas y Roca \/\/<\/p><figure class=\"wp-block-embed-youtube wp-block-embed is-type-video is-provider-youtube wp-embed-aspect-4-3 wp-has-aspect-ratio\"><div class=\"wp-block-embed__wrapper\">\n<iframe loading=\"lazy\" title=\"FV - Monocomando de cocina - Instalaci\u00f3n\" width=\"1290\" height=\"968\" src=\"https:\/\/www.youtube.com\/embed\/UAZYibYLZwQ?feature=oembed\" frameborder=\"0\" allow=\"accelerometer; autoplay; clipboard-write; encrypted-media; gyroscope; picture-in-picture; web-share\" referrerpolicy=\"strict-origin-when-cross-origin\" allowfullscreen><\/iframe>\n<\/div><figcaption>Instalaci\u00f3n de monocomando de cocina FV<\/figcaption><\/figure><figure class=\"wp-block-embed-youtube wp-block-embed is-type-video is-provider-youtube wp-embed-aspect-16-9 wp-has-aspect-ratio\"><div class=\"wp-block-embed__wrapper\">\n<iframe loading=\"lazy\" title=\"FV Paso a Paso: C\u00f3mo reparar la llave de una grifer\u00eda reemplazando el v\u00e1stago\" width=\"1290\" height=\"726\" src=\"https:\/\/www.youtube.com\/embed\/RrGK1pw1HCY?feature=oembed\" frameborder=\"0\" allow=\"accelerometer; autoplay; clipboard-write; encrypted-media; gyroscope; picture-in-picture; web-share\" referrerpolicy=\"strict-origin-when-cross-origin\" allowfullscreen><\/iframe>\n<\/div><figcaption>Instalaci\u00f3n De grifer\u00eda de lavatorio FV<\/figcaption><\/figure><figure class=\"wp-block-embed-youtube wp-block-embed is-type-video is-provider-youtube wp-embed-aspect-16-9 wp-has-aspect-ratio\"><div class=\"wp-block-embed__wrapper\">\n<iframe loading=\"lazy\" title=\"FV Paso a Paso: C\u00f3mo armar un bid\u00e9 de tres llaves\" width=\"1290\" height=\"726\" src=\"https:\/\/www.youtube.com\/embed\/tB8LJogScPc?feature=oembed\" frameborder=\"0\" allow=\"accelerometer; autoplay; clipboard-write; encrypted-media; gyroscope; picture-in-picture; web-share\" referrerpolicy=\"strict-origin-when-cross-origin\" allowfullscreen><\/iframe>\n<\/div><figcaption>Instalaci\u00f3n De grifer\u00eda de bidet FV<\/figcaption><\/figure><figure class=\"wp-block-embed-youtube wp-block-embed is-type-video is-provider-youtube wp-embed-aspect-16-9 wp-has-aspect-ratio\"><div class=\"wp-block-embed__wrapper\">\n<iframe loading=\"lazy\" title=\"Nuevo Desag\u00fce Lineal FV 0351 Con revestimiento - Instalaci\u00f3n\" width=\"1290\" height=\"726\" src=\"https:\/\/www.youtube.com\/embed\/4xx1NTgUjo0?feature=oembed\" frameborder=\"0\" allow=\"accelerometer; autoplay; clipboard-write; encrypted-media; gyroscope; picture-in-picture; web-share\" referrerpolicy=\"strict-origin-when-cross-origin\" allowfullscreen><\/iframe>\n<\/div><figcaption>Instalaci\u00f3n De desag\u00fce lineal FV<\/figcaption><\/figure><figure class=\"wp-block-embed-youtube wp-block-embed is-type-video is-provider-youtube wp-embed-aspect-16-9 wp-has-aspect-ratio\"><div class=\"wp-block-embed__wrapper\">\n<iframe loading=\"lazy\" title=\"FV Paso a Paso: C\u00f3mo reparar un monocomando de cocina con p\u00e9rdida. Caso 2.\" width=\"1290\" height=\"726\" src=\"https:\/\/www.youtube.com\/embed\/6I5VSxEoHhE?feature=oembed\" frameborder=\"0\" allow=\"accelerometer; autoplay; clipboard-write; encrypted-media; gyroscope; picture-in-picture; web-share\" referrerpolicy=\"strict-origin-when-cross-origin\" allowfullscreen><\/iframe>\n<\/div><figcaption>reparacion de o&#8217;ring en cuerpo de Monocomando FV<\/figcaption><\/figure><figure class=\"wp-block-embed-youtube wp-block-embed is-type-video is-provider-youtube wp-embed-aspect-16-9 wp-has-aspect-ratio\"><div class=\"wp-block-embed__wrapper\">\n<iframe loading=\"lazy\" title=\"FV Paso a Paso - C\u00f3mo instalar el duchador de la nueva ducha Puelo 312\/B5\" width=\"1290\" height=\"726\" src=\"https:\/\/www.youtube.com\/embed\/l6QDFCfqibg?feature=oembed\" frameborder=\"0\" allow=\"accelerometer; autoplay; clipboard-write; encrypted-media; gyroscope; picture-in-picture; web-share\" referrerpolicy=\"strict-origin-when-cross-origin\" allowfullscreen><\/iframe>\n<\/div><figcaption>Instalaci\u00f3n De grifer\u00eda de ducha FV<\/figcaption><\/figure><figure class=\"wp-block-embed-youtube wp-block-embed is-type-video is-provider-youtube wp-embed-aspect-16-9 wp-has-aspect-ratio\"><div class=\"wp-block-embed__wrapper\">\n<iframe loading=\"lazy\" title=\"C\u00f3mo instalar el cuadro de ducha para ducha monocomando 0106 sobre pared de ladrillo\" width=\"1290\" height=\"726\" src=\"https:\/\/www.youtube.com\/embed\/OhRIpgm6dkU?start=91&#038;feature=oembed\" frameborder=\"0\" allow=\"accelerometer; autoplay; clipboard-write; encrypted-media; gyroscope; picture-in-picture; web-share\" referrerpolicy=\"strict-origin-when-cross-origin\" allowfullscreen><\/iframe>\n<\/div><figcaption>Instalaci\u00f3n De cuadro de ducha Monocomando FV<\/figcaption><\/figure><figure class=\"wp-block-embed-youtube wp-block-embed is-type-video is-provider-youtube wp-embed-aspect-4-3 wp-has-aspect-ratio\"><div class=\"wp-block-embed__wrapper\">\n<iframe loading=\"lazy\" title=\"FV - Monocomando de ba\u00f1o - Instalaci\u00f3n\" width=\"1290\" height=\"968\" src=\"https:\/\/www.youtube.com\/embed\/jeENR4Pe21g?feature=oembed\" frameborder=\"0\" allow=\"accelerometer; autoplay; clipboard-write; encrypted-media; gyroscope; picture-in-picture; web-share\" referrerpolicy=\"strict-origin-when-cross-origin\" allowfullscreen><\/iframe>\n<\/div><figcaption>Instalaci\u00f3n De Monocomando de ba\u00f1o FV<\/figcaption><\/figure><!--nextpage--><figure class=\"wp-block-embed-youtube aligncenter wp-block-embed is-type-video is-provider-youtube wp-embed-aspect-4-3 wp-has-aspect-ratio\"><div class=\"wp-block-embed__wrapper\">\n<iframe loading=\"lazy\" title=\"Instalaci\u00f3n Tubos IPS Sistema Fusi\u00f3n\" width=\"1290\" height=\"968\" src=\"https:\/\/www.youtube.com\/embed\/UVN5zgjCDPM?feature=oembed\" frameborder=\"0\" allow=\"accelerometer; autoplay; clipboard-write; encrypted-media; gyroscope; picture-in-picture; web-share\" referrerpolicy=\"strict-origin-when-cross-origin\" allowfullscreen><\/iframe>\n<\/div><figcaption>Instalaci\u00f3n de Tubos Fusi\u00f3n agua IPS<\/figcaption><\/figure><figure class=\"wp-block-embed-youtube aligncenter wp-block-embed is-type-video is-provider-youtube wp-embed-aspect-16-9 wp-has-aspect-ratio\"><div class=\"wp-block-embed__wrapper\">\n<iframe loading=\"lazy\" title=\"Vantec Paso a paso\" width=\"1290\" height=\"726\" src=\"https:\/\/www.youtube.com\/embed\/mZSH--nhfOc?feature=oembed\" frameborder=\"0\" allow=\"accelerometer; autoplay; clipboard-write; encrypted-media; gyroscope; picture-in-picture; web-share\" referrerpolicy=\"strict-origin-when-cross-origin\" allowfullscreen><\/iframe>\n<\/div><figcaption>Instalaci\u00f3n de Fusi\u00f3n gas IPS<\/figcaption><\/figure><figure class=\"wp-block-embed-youtube aligncenter wp-block-embed is-type-video is-provider-youtube wp-embed-aspect-4-3 wp-has-aspect-ratio\"><div class=\"wp-block-embed__wrapper\">\n<iframe loading=\"lazy\" title=\"Instalaci\u00f3n Tubos IPS Sistema Rosca\" width=\"1290\" height=\"968\" src=\"https:\/\/www.youtube.com\/embed\/6UBKieIR-hw?feature=oembed\" frameborder=\"0\" allow=\"accelerometer; autoplay; clipboard-write; encrypted-media; gyroscope; picture-in-picture; web-share\" referrerpolicy=\"strict-origin-when-cross-origin\" allowfullscreen><\/iframe>\n<\/div><figcaption>Instalaci\u00f3n de Tubo rosca IPS<\/figcaption><\/figure><figure class=\"wp-block-embed-youtube aligncenter wp-block-embed is-type-video is-provider-youtube wp-embed-aspect-4-3 wp-has-aspect-ratio\"><div class=\"wp-block-embed__wrapper\">\n<iframe loading=\"lazy\" title=\"Instalaci\u00f3n  Tubos IPS Sistema Agro\" width=\"1290\" height=\"968\" src=\"https:\/\/www.youtube.com\/embed\/dFMFevUubKo?feature=oembed\" frameborder=\"0\" allow=\"accelerometer; autoplay; clipboard-write; encrypted-media; gyroscope; picture-in-picture; web-share\" referrerpolicy=\"strict-origin-when-cross-origin\" allowfullscreen><\/iframe>\n<\/div><figcaption>Instalaci\u00f3n de Tubo agro IPS<\/figcaption><\/figure><!--nextpage--><figure class=\"wp-block-embed-youtube wp-block-embed is-type-video is-provider-youtube wp-embed-aspect-16-9 wp-has-aspect-ratio\"><div class=\"wp-block-embed__wrapper\">\n<iframe loading=\"lazy\" title=\"Conoce el Biodigestor Autolimpiable Rotoplas | Por debajo de la tierra, por encima del resto\" width=\"1290\" height=\"726\" src=\"https:\/\/www.youtube.com\/embed\/i_ZhoA-N5NM?start=1&#038;feature=oembed\" frameborder=\"0\" allow=\"accelerometer; autoplay; clipboard-write; encrypted-media; gyroscope; picture-in-picture; web-share\" referrerpolicy=\"strict-origin-when-cross-origin\" allowfullscreen><\/iframe>\n<\/div><figcaption>Biodigestor Rotoplas Instalacion<\/figcaption><\/figure><figure class=\"wp-block-embed-youtube wp-block-embed is-type-video is-provider-youtube wp-embed-aspect-16-9 wp-has-aspect-ratio\"><div class=\"wp-block-embed__wrapper\">\n<iframe loading=\"lazy\" title=\"Instalaci\u00f3n ROCA BOX en grifer\u00eda monomando ROCA\" width=\"1290\" height=\"726\" src=\"https:\/\/www.youtube.com\/embed\/Lq9-nfpqjUo?feature=oembed\" frameborder=\"0\" allow=\"accelerometer; autoplay; clipboard-write; encrypted-media; gyroscope; picture-in-picture; web-share\" referrerpolicy=\"strict-origin-when-cross-origin\" allowfullscreen><\/iframe>\n<\/div><figcaption>Instalaci\u00f3n cuadro de ducha monocomando Roca<\/figcaption><\/figure><figure class=\"wp-block-embed-youtube wp-block-embed is-type-video is-provider-youtube wp-embed-aspect-16-9 wp-has-aspect-ratio\"><div class=\"wp-block-embed__wrapper\">\n<iframe loading=\"lazy\" title=\"Instalaci\u00f3n grifer\u00eda electr\u00f3nica de ROCA\" width=\"1290\" height=\"726\" src=\"https:\/\/www.youtube.com\/embed\/F8iOSsk9pI0?feature=oembed\" frameborder=\"0\" allow=\"accelerometer; autoplay; clipboard-write; encrypted-media; gyroscope; picture-in-picture; web-share\" referrerpolicy=\"strict-origin-when-cross-origin\" allowfullscreen><\/iframe>\n<\/div><figcaption>Instalaci\u00f3n griferia Electr\u00f3nica Roca<\/figcaption><\/figure><figure class=\"wp-block-embed-youtube wp-block-embed is-type-video is-provider-youtube wp-embed-aspect-16-9 wp-has-aspect-ratio\"><div class=\"wp-block-embed__wrapper\">\n<iframe loading=\"lazy\" title=\"C\u00f3mo se instala un inodoro suspendido - ROCA\" width=\"1290\" height=\"726\" src=\"https:\/\/www.youtube.com\/embed\/5ryPP9m2PdQ?feature=oembed\" frameborder=\"0\" allow=\"accelerometer; autoplay; clipboard-write; encrypted-media; gyroscope; picture-in-picture; web-share\" referrerpolicy=\"strict-origin-when-cross-origin\" allowfullscreen><\/iframe>\n<\/div><figcaption>Instalaci\u00f3n inodoro suspendido Roca<\/figcaption><\/figure><figure class=\"wp-block-embed-youtube wp-block-embed is-type-video is-provider-youtube wp-embed-aspect-16-9 wp-has-aspect-ratio\"><div class=\"wp-block-embed__wrapper\">\n<iframe loading=\"lazy\" title=\"C\u00f3mo instalar un bid\u00e9 suspendido - ROCA\" width=\"1290\" height=\"726\" src=\"https:\/\/www.youtube.com\/embed\/Kbd2YD4A-Xo?feature=oembed\" frameborder=\"0\" allow=\"accelerometer; autoplay; clipboard-write; encrypted-media; gyroscope; picture-in-picture; web-share\" referrerpolicy=\"strict-origin-when-cross-origin\" allowfullscreen><\/iframe>\n<\/div><figcaption>Instalaci\u00f3n bidet suspendido Roca<\/figcaption><\/figure><figure class=\"wp-block-embed-youtube wp-block-embed is-type-video is-provider-youtube wp-embed-aspect-16-9 wp-has-aspect-ratio\"><div class=\"wp-block-embed__wrapper\">\n<iframe loading=\"lazy\" title=\"C\u00f3mo instalar tanque compacto - ROCA\" width=\"1290\" height=\"726\" src=\"https:\/\/www.youtube.com\/embed\/Ap7NWojrBrU?feature=oembed\" frameborder=\"0\" allow=\"accelerometer; autoplay; clipboard-write; encrypted-media; gyroscope; picture-in-picture; web-share\" referrerpolicy=\"strict-origin-when-cross-origin\" allowfullscreen><\/iframe>\n<\/div><figcaption>Instalaci\u00f3n tanque compacto roca<\/figcaption><\/figure><figure class=\"wp-block-embed-youtube wp-block-embed is-type-video is-provider-youtube wp-embed-aspect-16-9 wp-has-aspect-ratio\"><div class=\"wp-block-embed__wrapper\">\n<iframe loading=\"lazy\" title=\"C\u00f3mo instalar una placa de accionamiento PL2 ROCA\" width=\"1290\" height=\"726\" src=\"https:\/\/www.youtube.com\/embed\/3qhW9PqJPaQ?feature=oembed\" frameborder=\"0\" allow=\"accelerometer; autoplay; clipboard-write; encrypted-media; gyroscope; picture-in-picture; web-share\" referrerpolicy=\"strict-origin-when-cross-origin\" allowfullscreen><\/iframe>\n<\/div><figcaption>Instalaci\u00f3n placa de acondicionamiento Roca<\/figcaption><\/figure>","protected":false},"excerpt":{"rendered":"<p>\/\/ pagina 1 &#8211; FV \/\/ \/\/ Pagina 2 &#8211; IPS \/\/ \/\/ Pagina 3 &#8211; Rotoplas y Roca \/\/<\/p>\n","protected":false},"author":5,"featured_media":0,"parent":0,"menu_order":0,"comment_status":"closed","ping_status":"closed","template":"","meta":{"footnotes":""},"class_list":["post-5926","page","type-page","status-publish","hentry"],"blocksy_meta":[],"jetpack_sharing_enabled":true,"_links":{"self":[{"href":"https:\/\/sanitarios5g.com.ar\/index.php\/wp-json\/wp\/v2\/pages\/5926","targetHints":{"allow":["GET"]}}],"collection":[{"href":"https:\/\/sanitarios5g.com.ar\/index.php\/wp-json\/wp\/v2\/pages"}],"about":[{"href":"https:\/\/sanitarios5g.com.ar\/index.php\/wp-json\/wp\/v2\/types\/page"}],"author":[{"embeddable":true,"href":"https:\/\/sanitarios5g.com.ar\/index.php\/wp-json\/wp\/v2\/users\/5"}],"replies":[{"embeddable":true,"href":"https:\/\/sanitarios5g.com.ar\/index.php\/wp-json\/wp\/v2\/comments?post=5926"}],"version-history":[{"count":12,"href":"https:\/\/sanitarios5g.com.ar\/index.php\/wp-json\/wp\/v2\/pages\/5926\/revisions"}],"predecessor-version":[{"id":8008,"href":"https:\/\/sanitarios5g.com.ar\/index.php\/wp-json\/wp\/v2\/pages\/5926\/revisions\/8008"}],"wp:attachment":[{"href":"https:\/\/sanitarios5g.com.ar\/index.php\/wp-json\/wp\/v2\/media?parent=5926"}],"curies":[{"name":"wp","href":"https:\/\/api.w.org\/{rel}","templated":true}]}}